{"id":1337,"date":"2026-03-05T20:49:54","date_gmt":"2026-03-05T20:49:54","guid":{"rendered":"https:\/\/medmoc.com.br\/cursos\/?post_type=product&#038;p=1337"},"modified":"2026-04-08T20:37:31","modified_gmt":"2026-04-08T20:37:31","slug":"treinamento-em-emergencias-clinicas-10-11-e-12-de-abril","status":"publish","type":"product","link":"https:\/\/medmoc.com.br\/cursos\/product\/treinamento-em-emergencias-clinicas-10-11-e-12-de-abril\/","title":{"rendered":"Treinamento em Emerg\u00eancias Cl\u00ednicas &#8211; 10, 11 e 12 de Abril"},"content":{"rendered":"<p id=\"block-24c1d665-0cf9-4497-930b-5488fe87251a\" style=\"padding-left: 40px;\"><strong>Investimento:<\/strong> de <strong>R$ 2.199,00<\/strong> por apenas <strong>R$ 1.899,00<\/strong><\/p><ul id=\"block-0e7b4d5b-5c90-451b-acd5-f1472fcdf026\" class=\"wp-block-list\"><li>Pode ser dividido no cart\u00e3o pelo <strong>PagSeguro<\/strong> em at\u00e9 <strong>12x<\/strong> com juros.<\/li>\r\n\r\n<li>Ou \u00e0 vista (PIX ou dinheiro).<\/li><\/ul><p>&nbsp;<\/p><p id=\"block-d100862a-0a03-4d01-a709-cdc990a45f0d\">O curso ser\u00e1 presencial, na sede da MEDMOC e ocorrer\u00e1 nos dias:<\/p><p id=\"block-c7db0a47-f879-45fc-8b37-b10be1863ef6\">27\/02\/2026 (sexta-feira) das 17 \u00e0s 22h;<br \/>28\/02\/2026 (s\u00e1bado) das 07h30 \u00e0s 18h30;<br \/>01\/03\/2026 (domingo) das 07h30 \u00e0s 18h30.<br \/><br \/>Endere\u00e7o: Rua Geraldina Sarmento Mour\u00e3o, 111, Jardim S\u00e3o Lu\u00eds &#8211; Montes Claros\/MG.<\/p>","protected":false},"excerpt":{"rendered":"<p><span style=\", sans-serif;text-align: justify;\">Clique aqui para adquirir nosso curso presencial de Treinamento em Emerg\u00eancias Cl\u00ednicas e se prepare para os principais desafios da medicina de emerg\u00eancia<\/span>.<\/p>\n","protected":false},"featured_media":888,"comment_status":"open","ping_status":"closed","template":"","meta":{"site-sidebar-layout":"default","site-content-layout":"","ast-site-content-layout":"default","site-content-style":"default","site-sidebar-style":"default","ast-global-header-display":"","ast-banner-title-visibility":"","ast-main-header-display":"","ast-hfb-above-header-display":"","ast-hfb-below-header-display":"","ast-hfb-mobile-header-display":"","site-post-title":"","ast-breadcrumbs-content":"","ast-featured-img":"","footer-sml-layout":"","theme-transparent-header-meta":"default","adv-header-id-meta":"","stick-header-meta":"","header-above-stick-meta":"","header-main-stick-meta":"","header-below-stick-meta":"","astra-migrate-meta-layouts":"set"},"product_brand":[],"product_cat":[22],"product_tag":[],"class_list":{"0":"post-1337","1":"product","2":"type-product","3":"status-publish","4":"has-post-thumbnail","6":"product_cat-curso","7":"desktop-align-left","8":"tablet-align-left","9":"mobile-align-left","11":"first","12":"instock","13":"sale","14":"sold-individually","15":"purchasable","16":"product-type-simple"},"jetpack-related-posts":[],"jetpack_sharing_enabled":true,"_links":{"self":[{"href":"https:\/\/medmoc.com.br\/cursos\/wp-json\/wp\/v2\/product\/1337","targetHints":{"allow":["GET"]}}],"collection":[{"href":"https:\/\/medmoc.com.br\/cursos\/wp-json\/wp\/v2\/product"}],"about":[{"href":"https:\/\/medmoc.com.br\/cursos\/wp-json\/wp\/v2\/types\/product"}],"replies":[{"embeddable":true,"href":"https:\/\/medmoc.com.br\/cursos\/wp-json\/wp\/v2\/comments?post=1337"}],"wp:featuredmedia":[{"embeddable":true,"href":"https:\/\/medmoc.com.br\/cursos\/wp-json\/wp\/v2\/media\/888"}],"wp:attachment":[{"href":"https:\/\/medmoc.com.br\/cursos\/wp-json\/wp\/v2\/media?parent=1337"}],"wp:term":[{"taxonomy":"product_brand","embeddable":true,"href":"https:\/\/medmoc.com.br\/cursos\/wp-json\/wp\/v2\/product_brand?post=1337"},{"taxonomy":"product_cat","embeddable":true,"href":"https:\/\/medmoc.com.br\/cursos\/wp-json\/wp\/v2\/product_cat?post=1337"},{"taxonomy":"product_tag","embeddable":true,"href":"https:\/\/medmoc.com.br\/cursos\/wp-json\/wp\/v2\/product_tag?post=1337"}],"curies":[{"name":"wp","href":"https:\/\/api.w.org\/{rel}","templated":true}]}}