{"id":476,"date":"2020-04-08T09:27:03","date_gmt":"2020-04-08T09:27:03","guid":{"rendered":"https:\/\/medmoc.com.br\/cursos\/all-courses\/"},"modified":"2023-09-01T22:52:58","modified_gmt":"2023-09-01T22:52:58","slug":"all-courses","status":"publish","type":"page","link":"https:\/\/medmoc.com.br\/cursos\/all-courses\/","title":{"rendered":"All Courses"},"content":{"rendered":"\t\t<div data-elementor-type=\"wp-page\" data-elementor-id=\"476\" class=\"elementor elementor-476\">\n\t\t\t\t\t\t<section class=\"elementor-section elementor-top-section elementor-element elementor-element-79dde01 elementor-section-boxed elementor-section-height-default elementor-section-height-default\" data-id=\"79dde01\" data-element_type=\"section\" data-settings=\"{&quot;background_background&quot;:&quot;classic&quot;}\">\n\t\t\t\t\t\t\t<div class=\"elementor-background-overlay\"><\/div>\n\t\t\t\t\t\t\t<div class=\"elementor-container elementor-column-gap-no\">\n\t\t\t\t\t<div class=\"elementor-column elementor-col-100 elementor-top-column elementor-element elementor-element-80293b9\" data-id=\"80293b9\" data-element_type=\"column\">\n\t\t\t<div class=\"elementor-widget-wrap elementor-element-populated\">\n\t\t\t\t\t\t<div class=\"elementor-element elementor-element-de8583b elementor-widget elementor-widget-heading\" data-id=\"de8583b\" data-element_type=\"widget\" data-widget_type=\"heading.default\">\n\t\t\t\t<div class=\"elementor-widget-container\">\n\t\t\t\t\t<h1 class=\"elementor-heading-title elementor-size-default\">Nossos cursos<\/h1>\t\t\t\t<\/div>\n\t\t\t\t<\/div>\n\t\t\t\t<div class=\"elementor-element elementor-element-b6c15a5 elementor-widget elementor-widget-text-editor\" data-id=\"b6c15a5\" data-element_type=\"widget\" data-widget_type=\"text-editor.default\">\n\t\t\t\t<div class=\"elementor-widget-container\">\n\t\t\t\t\t\t\t\t\t<p>Confira abaixo nossas op\u00e7\u00f5es de cursos MEDMOC<\/p>\t\t\t\t\t\t\t\t<\/div>\n\t\t\t\t<\/div>\n\t\t\t\t\t<\/div>\n\t\t<\/div>\n\t\t\t\t\t<\/div>\n\t\t<\/section>\n\t\t\t\t<section class=\"elementor-section elementor-top-section elementor-element elementor-element-c1e5d1d elementor-section-boxed elementor-section-height-default elementor-section-height-default\" data-id=\"c1e5d1d\" data-element_type=\"section\">\n\t\t\t\t\t\t<div class=\"elementor-container elementor-column-gap-default\">\n\t\t\t\t\t<div class=\"elementor-column elementor-col-100 elementor-top-column elementor-element elementor-element-9524233\" data-id=\"9524233\" data-element_type=\"column\">\n\t\t\t<div class=\"elementor-widget-wrap elementor-element-populated\">\n\t\t\t\t\t\t<div class=\"elementor-element elementor-element-d8a0e60 elementor-widget elementor-widget-spacer\" data-id=\"d8a0e60\" data-element_type=\"widget\" data-widget_type=\"spacer.default\">\n\t\t\t\t<div class=\"elementor-widget-container\">\n\t\t\t\t\t\t\t<div class=\"elementor-spacer\">\n\t\t\t<div class=\"elementor-spacer-inner\"><\/div>\n\t\t<\/div>\n\t\t\t\t\t\t<\/div>\n\t\t\t\t<\/div>\n\t\t\t\t\t<\/div>\n\t\t<\/div>\n\t\t\t\t\t<\/div>\n\t\t<\/section>\n\t\t\t\t<section class=\"elementor-section elementor-top-section elementor-element elementor-element-67bc400 elementor-section-boxed elementor-section-height-default elementor-section-height-default\" data-id=\"67bc400\" data-element_type=\"section\">\n\t\t\t\t\t\t<div class=\"elementor-container elementor-column-gap-default\">\n\t\t\t\t\t<div class=\"elementor-column elementor-col-100 elementor-top-column elementor-element elementor-element-b8081b5\" data-id=\"b8081b5\" data-element_type=\"column\">\n\t\t\t<div class=\"elementor-widget-wrap elementor-element-populated\">\n\t\t\t\t\t\t<div class=\"elementor-element elementor-element-2e68a1a eael-product-grid-column-4 elementor-widget elementor-widget-eicon-woocommerce\" data-id=\"2e68a1a\" data-element_type=\"widget\" data-widget_type=\"eicon-woocommerce.default\">\n\t\t\t\t<div class=\"elementor-widget-container\">\n\t\t\t\t\t\n        <div class=\"eael-product-grid eael-product-simple masonry\" id=\"eael-product-grid\" data-widget-id=\"2e68a1a\" data-page-id=\"476\" data-nonce=\"e9a0a38124\" >\n            <div class=\"woocommerce\">\n                <ul class=\"products\" data-layout-mode=\"masonry\"> <li class=\"product \">\n<div class=\"eael-product-wrap\">\n    <img fetchpriority=\"high\" decoding=\"async\" width=\"300\" height=\"216\" src=\"https:\/\/i0.wp.com\/medmoc.com.br\/cursos\/wp-content\/uploads\/2023\/09\/WhatsApp-Image-2023-07-09-at-13.54.09.jpeg?fit=300%2C216&amp;ssl=1\" class=\"attachment-woocommerce_thumbnail size-woocommerce_thumbnail wvs-archive-product-image\" alt=\"Treinamento em Emerg\u00eancias Cl\u00ednicas - 10, 11 e 12 de Abril\" loading=\"eager\" srcset=\"https:\/\/i0.wp.com\/medmoc.com.br\/cursos\/wp-content\/uploads\/2023\/09\/WhatsApp-Image-2023-07-09-at-13.54.09.jpeg?w=1200&amp;ssl=1 1200w, https:\/\/i0.wp.com\/medmoc.com.br\/cursos\/wp-content\/uploads\/2023\/09\/WhatsApp-Image-2023-07-09-at-13.54.09.jpeg?resize=600%2C431&amp;ssl=1 600w, https:\/\/i0.wp.com\/medmoc.com.br\/cursos\/wp-content\/uploads\/2023\/09\/WhatsApp-Image-2023-07-09-at-13.54.09.jpeg?resize=300%2C216&amp;ssl=1 300w, https:\/\/i0.wp.com\/medmoc.com.br\/cursos\/wp-content\/uploads\/2023\/09\/WhatsApp-Image-2023-07-09-at-13.54.09.jpeg?resize=1024%2C736&amp;ssl=1 1024w, https:\/\/i0.wp.com\/medmoc.com.br\/cursos\/wp-content\/uploads\/2023\/09\/WhatsApp-Image-2023-07-09-at-13.54.09.jpeg?resize=768%2C552&amp;ssl=1 768w\" sizes=\"(max-width: 300px) 100vw, 300px\" \/><div class=\"eael-product-title\">\n    <a href=\"https:\/\/medmoc.com.br\/cursos\/product\/treinamento-em-emergencias-clinicas-10-11-e-12-de-abril\/\" class=\"woocommerce-LoopProduct-link woocommerce-loop-product__link\"><h2 class=\"woocommerce-loop-product__title\">Treinamento em Emerg\u00eancias Cl\u00ednicas - 10, 11 e 12 de Abril<\/h2><\/a>\n    <\/div><div class=\"eael-star-rating star-rating\"><span style=\"width:0%\">Avalia\u00e7\u00e3o <strong class=\"rating\">0<\/strong> de 5<\/span><\/div><span class=\"onsale sale-preset-1 \">Oferta!<\/span><div class=\"eael-product-price\"><del aria-hidden=\"true\"><span class=\"woocommerce-Price-amount amount\"><bdi><span class=\"woocommerce-Price-currencySymbol\">&#82;&#36;<\/span>2.199,00<\/bdi><\/span><\/del> <span class=\"screen-reader-text\">O pre\u00e7o original era: &#082;&#036;2.199,00.<\/span><ins aria-hidden=\"true\"><span class=\"woocommerce-Price-amount amount\"><bdi><span class=\"woocommerce-Price-currencySymbol\">&#82;&#36;<\/span>1.899,00<\/bdi><\/span><\/ins><span class=\"screen-reader-text\">O pre\u00e7o atual \u00e9: &#082;&#036;1.899,00.<\/span><\/div>    <a href=\"?add-to-cart=1337\" aria-describedby=\"woocommerce_loop_add_to_cart_link_describedby_1337\" data-quantity=\"1\" class=\"button product_type_simple add_to_cart_button ajax_add_to_cart\" data-product_id=\"1337\" data-product_sku=\"curso-treinamento-em-emergencias-clinicas-2\" aria-label=\"Adicione ao carrinho: &ldquo;Treinamento em Emerg\u00eancias Cl\u00ednicas - 10, 11 e 12 de Abril&rdquo;\" rel=\"nofollow\" data-success_message=\"\u201cTreinamento em Emerg\u00eancias Cl\u00ednicas - 10, 11 e 12 de Abril\u201d foi adicionado ao seu carrinho\">Adicionar ao carrinho<\/a>\t<span id=\"woocommerce_loop_add_to_cart_link_describedby_1337\" class=\"screen-reader-text\">\n\t\t\t<\/span>\n    \n<\/div>\n\n<\/li><\/ul>            <\/div>\n        <\/div>\n\n        <script type=\"text\/javascript\">\n            jQuery(document).ready(function($) {\n                var $scope = jQuery(\".elementor-element-2e68a1a\");\n                var $products = $('.products', $scope);\n                var $layout_mode = $products.data('layout-mode');\n                \n                if ( $layout_mode === 'masonry' ) {\n                    \/\/ init isotope\n                    var $isotope_products = $products.isotope({\n                        itemSelector: \"li.product\",\n                        layoutMode: $layout_mode,\n                        percentPosition: true\n                    });\n\n                    $isotope_products.imagesLoaded().progress( function() {\n                        $isotope_products.isotope('layout');\n                    })\n                    \n                }\n            });\n        <\/script>\n        \t\t\t\t<\/div>\n\t\t\t\t<\/div>\n\t\t\t\t\t<\/div>\n\t\t<\/div>\n\t\t\t\t\t<\/div>\n\t\t<\/section>\n\t\t\t\t<\/div>\n\t\t","protected":false},"excerpt":{"rendered":"<p>Nossos cursos Confira abaixo nossas op\u00e7\u00f5es de cursos MEDMOC Curso: Treinamento em Emerg\u00eancias Cl\u00ednicas Avalia\u00e7\u00e3o 0 de 5&#36;1,349.00 Comprar<\/p>\n","protected":false},"author":1,"featured_media":0,"parent":0,"menu_order":0,"comment_status":"closed","ping_status":"closed","template":"","meta":{"site-sidebar-layout":"no-sidebar","site-content-layout":"page-builder","ast-site-content-layout":"","site-content-style":"default","site-sidebar-style":"default","ast-global-header-display":"","ast-banner-title-visibility":"","ast-main-header-display":"","ast-hfb-above-header-display":"","ast-hfb-below-header-display":"","ast-hfb-mobile-header-display":"","site-post-title":"disabled","ast-breadcrumbs-content":"disabled","ast-featured-img":"disabled","footer-sml-layout":"","theme-transparent-header-meta":"enabled","adv-header-id-meta":"","stick-header-meta":"","header-above-stick-meta":"","header-main-stick-meta":"","header-below-stick-meta":"","astra-migrate-meta-layouts":"","footnotes":""},"class_list":["post-476","page","type-page","status-publish","hentry","desktop-align-left","tablet-align-left","mobile-align-left"],"jetpack-related-posts":[],"jetpack_sharing_enabled":true,"_links":{"self":[{"href":"https:\/\/medmoc.com.br\/cursos\/wp-json\/wp\/v2\/pages\/476","targetHints":{"allow":["GET"]}}],"collection":[{"href":"https:\/\/medmoc.com.br\/cursos\/wp-json\/wp\/v2\/pages"}],"about":[{"href":"https:\/\/medmoc.com.br\/cursos\/wp-json\/wp\/v2\/types\/page"}],"author":[{"embeddable":true,"href":"https:\/\/medmoc.com.br\/cursos\/wp-json\/wp\/v2\/users\/1"}],"replies":[{"embeddable":true,"href":"https:\/\/medmoc.com.br\/cursos\/wp-json\/wp\/v2\/comments?post=476"}],"version-history":[{"count":7,"href":"https:\/\/medmoc.com.br\/cursos\/wp-json\/wp\/v2\/pages\/476\/revisions"}],"predecessor-version":[{"id":942,"href":"https:\/\/medmoc.com.br\/cursos\/wp-json\/wp\/v2\/pages\/476\/revisions\/942"}],"wp:attachment":[{"href":"https:\/\/medmoc.com.br\/cursos\/wp-json\/wp\/v2\/media?parent=476"}],"curies":[{"name":"wp","href":"https:\/\/api.w.org\/{rel}","templated":true}]}}